{"id":13,"date":"2017-03-04T20:54:44","date_gmt":"2017-03-04T19:54:44","guid":{"rendered":"http:\/\/www.christian-stock.de\/?page_id=13"},"modified":"2023-11-11T16:02:54","modified_gmt":"2023-11-11T15:02:54","slug":"vita","status":"publish","type":"page","link":"http:\/\/www.christian-stock.de\/?page_id=13","title":{"rendered":"Vita"},"content":{"rendered":"<p>&gt;&gt;&gt; <a href=\"http:\/\/www.christian-stock.de\/wp-content\/uploads\/2017\/03\/Christian-Stock-Vita.pdf\">Download Vita<\/a><\/p>\n<p><strong>Geburtsjahr und -ort:<\/strong> 1982, Fulda<br \/><strong>Nationalit\u00e4t:<\/strong> deutsch<br \/><strong>Wohnort:<\/strong> K\u00f6ln<br \/><strong>Wohnm\u00f6glichkeiten:<\/strong> Berlin, Frankfurt a.M., Hamburg, M\u00fcnchen, Paris<br \/><strong>ethn. Erscheinung:<\/strong> mitteleurop\u00e4isch<br \/><strong>Haarfarbe:<\/strong> dunkelbraun<br \/><strong>Haarl\u00e4nge:<\/strong> kurz<br \/><strong>Augenfarbe:<\/strong> blau<br \/><strong>Statur:<\/strong> schlank<br \/><strong>Gr\u00f6\u00dfe:<\/strong> 180 cm<br \/><strong>Gewicht:<\/strong> 82 kg<br \/><strong>Konfektion:<\/strong> 52<br \/><strong>Fremdsprachen:<\/strong> Englisch (flie\u00dfend), Franz\u00f6sisch (gut)<br \/><strong>Dialekte\/Akzente:<\/strong> Hessisch, Bairisch, S\u00e4chsisch<br \/><strong>Stimmlage:<\/strong> Bariton<br \/><strong>Sport:<\/strong> Fu\u00dfball, Tauchen, Rudern, Volleyball, Inlineskating, Schwimmen, Tischtennis, Leichtathletik<br \/><strong>Lizenz:<\/strong> B (Kraftwagen), M (Moped), T (Zug\/Arbeitsmaschinen), Sportbootf\u00fchrerschein Binnen<br \/><strong>Spezielle Kenntnisse:<\/strong> Tauchschein (Advanced Open Water Diver), Einrad fahren, Jonglieren, Stunt-Erfahrung; Gr\u00fcnder und 1. Vorsitzender des Vereins &#8222;K.R.A.K.E. (K\u00f6lner Rhein-Aufr\u00e4um-Kommando-Einheit) e.V.&#8220;<\/p>\n<p><strong><u>Ausbildung:<\/u><\/strong><br \/><strong>2019<\/strong> Tauchschule (AOWD)<br \/><strong>2014<\/strong> Comedy-Workshop bei Engelbert Kobelun &amp; Burkhard Schmidt<br \/><strong>2009-2012<\/strong> Camera-Acting-Workshops bei Kerstin Thoma<br \/><strong>2008-2009<\/strong> WAILEA Unternehmerschule<br \/><strong>2009<\/strong> ifs-Masterclass-Workshop &#8222;Kom\u00f6die vor der Kamera&#8220; bei Stromberg-Regisseur Arne Feldhusen<br \/><strong>2008<\/strong> Mikrofonsprecher-Workshop f\u00fcr H\u00f6rfunk &amp; TV bei Antje Brandenburg<br \/><strong>2008<\/strong> American Acting-Workshop bei US-Coach und Schauspieler Jerry Coyle<br \/><strong>2008<\/strong> Mikrofonsprecher-Workshop f\u00fcr H\u00f6rbuch &amp; H\u00f6rspiel bei Antje Brandenburg<br \/><strong>2008<\/strong> Camera-Acting-Workshop bei TV-Regisseur Marc Hertel<br \/><strong>2007<\/strong> Regieworkshop bei Filmregisseur Christian Wagner<br \/><strong>2007<\/strong> Stimmbildungs-Workshop bei Prof. Christoph Hilger<br \/><strong>2007<\/strong> Kameraworkshops bei Bettina Dorn und Prof. Christoph Hilger<br \/><strong>2005<\/strong> Stunttraining (1 Monat) bei Action Concept, 2005<br \/><strong>2004-2005<\/strong> Film Acting School Cologne (abgeschlossen mit Auszeichnung)<\/p>\n<p><strong><u>Preise &amp; Auszeichnungen:<br \/><\/u><\/strong><strong><u><\/u>2022<\/strong> Best Drama Short Film auf dem International Kids\u00b4\u00a0 Film Festival in San Diego\/USA mit <strong>Erinnerungen einer vergessenen Kindheit<br \/>2022 Umweltschutzpreis der Stadt K\u00f6ln<br \/>2020<\/strong>\u00a0Bester ausl\u00e4ndischer Kurzfilm\u00a0 auf dem Southern Oasis Film Festival in Knoxville\/Tennessee mit <strong>Kalter Kaffee<br \/>2020<\/strong> Bester Comedy-Kurzfilm\u00a0 auf dem International Monthly Film Festival in Kosice\/Slowakei mit <strong>Kalter Kaffee<br \/><\/strong><u><\/u><u><\/u><strong>2019<\/strong> <strong>K\u00f6lner Ehrenamtspreis<\/strong><br \/><strong>2019<\/strong> Publikumspreis der K\u00f6lner B\u00fcrgerstiftung<br \/><strong>2019 <\/strong>Erster Preis der K\u00f6lner Gr\u00fcn Stiftung f\u00fcr Gr\u00fcndung der <strong>K.R.A.K.E.<br \/>2018<\/strong>\u00a0Publikumspreis beim SPITZiale Filmfestival Espelkamp mit <strong>Herr Mandrill<br \/>2013<\/strong> Best Short Horror Comedy auf dem After Dark Film Festival mit <strong>Lovely Wolf<br \/>2012<\/strong> Youcinema Fantastic Film Festival (Schweiz), Bester Schauspieler<br \/><strong>2012<\/strong> Fright Nights Festival (\u00d6sterreich), Bester Schauspieler (Nominierung)<br \/><strong>2012<\/strong> Publikumspreis beim Shorts At Moonlight mit <strong>Lovely Wolf<\/strong><br \/><strong>2004<\/strong> hessischer F\u00f6rderpreis f\u00fcr Jugendtheater<br \/><strong>2000<\/strong> hessischer F\u00f6rderpreis f\u00fcr Jugendtheater<\/p>\n<p><strong><u>Film\/TV\/Werbung <\/u><\/strong>(Auswahl)<br \/><strong>2023 Die Landarztpraxis<\/strong> (ER), TV-Serie, Sat1, Regie: Patrick Hammerschmidt<br \/><strong>2022-2023 Comedy vom Rhein<\/strong> (NR), TV-Serie, SWR, Regie: Thilo Gosejohann<strong><br \/>2022 Baldriparan<\/strong> (HR), TV-Werbespot, Regie: Martin Haerlin<strong><br \/>2021 Comedy vom Rhein<\/strong> (NR), TV-Serie, SWR, Regie: Sven Nagel, Thilo Gosejohann<br \/><strong>2021 Netto<\/strong> (HR), TV-Werbespot, Regie: Kay Kienzler<br \/><strong>2020 Alles was z\u00e4hlt<\/strong> (ER), TV-Serie, RTL, Regie: Christoph Heininger<br \/><strong>2020 Queens of Comedy<\/strong> (NR), TV-Serie, ZDF, Regie: Suki Roessel<br \/><strong>2020 Telekom Homeoffice<\/strong> (HR), TV-Werbespot, Regie: Simon Verhoeven<br \/><strong>2020 Flaschenpost.de<\/strong> (HR), TV-Werbespot, Regie: Sergej Moya<br \/><strong>2020 Bettys Diagnose &#8211; Antenne des Herzens<\/strong> (ER), TV-Serie, ZDF, Regie: Katrin Schmidt<br \/><strong>2020 Euronics<\/strong> (HR), TV-Werbespot, Regie: Niels Grabol<br \/><strong>2020 Pit<\/strong> (HR), Kinospielfilm, Regie: Mike Linde<br \/><strong>2019 Now or never<\/strong> (NR), TV-Film, ARD, Regie: Gerd Schneider<br \/><strong>2019 F4lkenb3rg<\/strong> (NR), TV-Serie, RTL II, Regie: Kirim Schiller<br \/><strong>2019 Der Spiegel<\/strong>\u00a0(NR), Kinospielfilm, Regie: Ralf Kemper<br \/><strong>2019 Unter Uns<\/strong> (ER), TV-Serie, RTL, Regie: Renate Gosiewski<br \/><strong>2019 Leider laut<\/strong> (NR), TV-Sketch, Kika, Regie: Marcel Behnke<br \/><strong>2019 Wer Frieden sucht<\/strong> (NR), Kinospielfilm, Regie: Daniel Alvarenga<br \/><strong>2018 Matratzen Concord<\/strong> (HR), TV-Werbespot, Regie: Carlo Oppermann<br \/><strong>2018 DVAG<\/strong> (HR), TV-Werbespot, Regie: Matthias Diehl<br \/><strong>2018 Die Comedy Show<\/strong> (ENR), TV-Comedyshow, Pro7, Regie: Leo Bauer<br \/><strong>2017 Schrauben, s\u00e4gen, siegen<\/strong> (HR), TV-Trailer, Kabel 1, Regie: Horst Czenskowski<br \/><strong>2017 Christ<\/strong> (HR), TV-Werbespot mit Guido Maria Kretschmer<br \/><strong>2017 Blockbustaz<\/strong> (ENR), TV-Serie, ZDFneo, Regie: C\u00fcneyt Kaya<br \/><strong>2017 McDonald\u00b4s<\/strong> (HR), TV-Werbespot, Regie: Rune Milton Olsen<strong><br \/>2017 LIDL<\/strong>\u00a0 (HR), TV-Werbespot, Regie: Sven Bollinger<br \/><strong>2016-2017 Sport.de-App<\/strong> (HR), TV-Werbespot, RTL, Regie: Markus Stummer<br \/><strong>2016 Was ich von dir wei\u00df<\/strong> (NR), TV-Film, ZDF, Regie: Isabel Kleefeld<br \/><strong>2016 Studio Amani<\/strong> (NR), TV-Comedyshow, Pro7, Regie: diverse<br \/><strong>2015 L&#8217;tur<\/strong> (HR),\u00a0TV-Werbespot; Regie: Djawid Hakimyar<br \/><strong>2014\u00a0Renault <\/strong>(HR)<strong>,\u00a0<\/strong>TV-Werbespot A\/CH; Regie: Titus<br \/><strong>2014 Diese Kaminskis \u2013 Wir legen Sie tiefer!<\/strong> (EHR), TV-Serie, ZDFneo, Regie: Sven Nagel<br \/><strong>2014\u00a0Einfach Unzertrennlich<\/strong> (Staffel 1, HR), TV-Serie, VOX; Regie: Frank P. Husmann, Sinan Akkus, Nana Neul<br \/><strong>2014 Brandt<\/strong> (HR), TV-Werbespot, Regie: Mona El Mansouri<br \/><strong>2014 Losing Touch<\/strong> (HR), Dokumentation, Regie: Hartmut Schotte<br \/><strong>2013 Pastewka<\/strong> (ENR), TV-Serie, SAT.1, Regie: Joseph Orr<br \/><strong>2012-2015 Bahncard 25<\/strong>\u00a0(HR),\u00a0TV-Werbespot; Regie: Jan Bonny<br \/><strong>2012 Lovely Wolf<\/strong> (HR), Kurzspielfilm, Regie: Benjamin Bechtold<br \/><strong>2012 Wilsberg &#8211; Treuetest<\/strong> (TR), TV-Film (Reihe), ZDF, Regie: Dominic M\u00fcller<br \/><strong>2012 RTL &#8211; Season 2012<\/strong> (HR), Werbefilm, Regie: Isabel Grahs<br \/><strong>2012 Tatort &#8211; Trautes Heim<\/strong> (NR), TV-Film (Reihe), ARD, Regie: Christoph Schnee<br \/><strong>2012\u00a0Wilsberg &#8211; Die Entf\u00fchrung <\/strong>(NR), TV-Reihe, ZDF, Regie: Dominic M\u00fcller<br \/><strong>2011 Mc Donald\u00b4s<\/strong>\u00a0(HR) TV-Werbespot, Regie: Jan Bonny<br \/><strong>2011 Marie Brand<\/strong> (ER, Folge 8), TV-Serie, ZDF, Regie: Josh Broecker<br \/><strong>2011 Zeichen der Schw\u00e4che<\/strong> (HR), Spielfilm, Regie: Markus Messner<br \/><strong>2011\u00a0Alarm f\u00fcr Cobra 11\u00a0<\/strong>(ER Folge 214), TV-Serie, RTL; Regie: Franco Tozza<strong><br \/>2010\u00a0SOKO K\u00f6ln <\/strong>(ER), TV-Serie, ZDF, Regie: Sascha Thiel\u00a0<strong><br \/>2010 real,- <\/strong>(HR), TV-Werbespot, Regie: Andreas Hoffmann<br \/><strong>2010 Pastewka <\/strong>(ER, Folge 43),TV-Serie, Sat 1, Regie: Joseph Orr<br \/><strong>2009 Die letzten 30 Jahre<\/strong> (NR), TV-Film, ZDF, Regie: Michael Gutmann<br \/><strong>2009 Extinction &#8211; The G.M.O. Chronicles<\/strong> (HR), Kinospielfilm, Regie: Niki Drozdowski<br \/><strong>2009 Alarm f\u00fcr Cobra 11<\/strong> \u00a0(ER, Folgen 199\/200), TV-Serie, RTL, Regie: Axel Sand<br \/><strong>2008 Alles was z\u00e4hlt<\/strong> (ER), TV-Serie, RTL, Regie: Wolfgang M\u00fcnstermann<br \/><strong>2007 Sparkassen-FC-Card<\/strong> (HR), TV-Werbespot, Center TV, Regie: Matthias Paeper<br \/><strong>2007 Hertie<\/strong> (HR), TV-Werbespot,\u00a0 ARD\/WDR\/NDR, Regie: Dagmar Jordan<br \/><strong>2006 Slasher<\/strong> (HR), Kinospielfilm, Regie: Frank W. Montag<\/p>\n<p><strong><u>Theater<br \/><\/u><\/strong><u><\/u><strong>2023<\/strong> P. Maar: <strong>Eine Woche voller Samstage<\/strong>, Niederrheintheater, Rolle: Verk\u00e4ufer, Chef &amp; Lehrer; Regie: Verena Bill<strong><br \/>2023 Macht euch die Erde untertan<\/strong>, Rolle: Vater\/RWE-Manager; Regie: Norbert Heckelei<strong><br \/>2021<\/strong> A. Tschechow: <strong>Die M\u00f6we<\/strong>, Niederrheintheater, Rolle: Sorin; Regie: Verena Bill<strong><br \/>2020-2023<\/strong>\u00a0V. Bill: <strong>Der kleine Weihnachtsgeist<\/strong>, Niederrheintheater, Rolle: K\u00f6nig (HR); Regie: Verena Bill<strong><br \/>2018-2023<\/strong>\u00a0V. Bill: <strong>Die drei W\u00fcnsche,<\/strong> Niederrheintheater, Rolle: der Reiche &amp; Beduine (HR); Regie: Verena Bill<br \/><strong>2013-2022<\/strong> V. Bill: <strong>Bonnie &amp; Clyde<\/strong>, Niederrheintheater, Rolle: WD &amp; Erz\u00e4hler (HR)\u00a0Regie: Verena Bill<strong><br \/>2012-2022<\/strong> P. Maar: <strong>Herr Bello und das blaue Wunder<\/strong>, Niederrheintheater, Rolle: Max (HR), Regie: Verena Bill<strong><br \/>2011-2023<\/strong>\u00a0O. Preu\u00dfler: <strong>Neues vom R\u00e4uber Hotzenplotz<\/strong>, Niederrheintheater, Rolle: Kasper &amp; Witwe Schlotterbeck (HR), Regie: Verena Bill<strong><br \/>2018-2020<\/strong> W. Kohlhaase\/R. Zimmer: <strong>Fisch zu viert<\/strong>, Niederrheintheater, Rolle: Charles (HR); Regie: Verena Bill<br \/><strong>2016-2023<\/strong>\u00a0P. Maar\/C. Schidlowsky: <strong>Peer &amp; Gynt<\/strong>, Niederrheintheater, Rolle: Trollk\u00f6nig, Lehrer Grieg, Trollwache (HR); Regie: Verena Bill<strong><br \/>2018<\/strong> W. Shakespeare:<strong> Ein Sommernachtstraum<\/strong>, Shakespeare Company K\u00f6ln, Rolle: Pyramus (HR), Regie: Hans Peter Speicher<strong><br \/>2017-2019 <\/strong>Marivaux:<strong> Das Spiel von Liebe und Zufall<\/strong>, Niederrheintheater, Rolle: Arlequin &amp; Mario (HR); Regie: Verena Bill<br \/><strong>2016 <\/strong>J. W. v. Goethe:<strong> Die Mitschuldigen, <\/strong>Theater im Kloster, Rolle: Alcest (HR), Regie: C\u00e9cile Kott<strong><br \/>2015-2016 <\/strong>Sophokles:<strong> Antigone,<\/strong> Theater Kefka, Rolle: W\u00e4chter &amp; Chor (HR), Regie: Milan Sl\u00e1dek<strong><br \/>2015-2016 <\/strong>D. Hare:<strong> Blue Room, <\/strong>Stein\u00b4\u00b4\u00b4\u00b4 s Tivoli, Rolle: Taxifahrer, Student, Politiker, Dramatiker, Arostokrat (HR), Regie: Frank Heck<strong><br \/>2014 <\/strong>C. Goldoni:<strong> Diener zweier Herren, <\/strong>Niederrheintheater, Rolle: Florindo (HR), Regie: Verena Bill<strong><br \/>2013-2014 <\/strong>A. Ayckbourn:<strong> Alles nur aus Liebe, <\/strong>Niederrheintheater, Rolle: Gilbert Fleet (HR), Regie: Verena Bill<strong><br \/>2012-2023 <\/strong>A. Tschechow:<strong> Der Heiratsantrag, <\/strong>Niederrheintheater, Rolle: Lomov (HR), Regie: Verena Bill<strong><br \/>2012-2023 <\/strong>A. Tschechow:<strong> Der B\u00e4r, <\/strong>Niederrheintheater, Rolle: Luka, Regie: Verena Bill<strong><br \/>2011<\/strong> J. Dittgen: <strong>Polaroid, <\/strong>N\u00f6-Theater, Rolle: Alex (HR), Regie: Karsten Sch\u00f6nwald<strong><br \/>2010-2011 <\/strong>W. Allen:<strong> Riverside Drive, <\/strong>Niederrheintheater, Rolle: Fred Savage (HR), Regie: Verena Bill<strong><br \/>2009 <\/strong>J. Spyri:<strong> Heidi, <\/strong>Ruhr-Kammerspiele, Rolle: Gei\u00dfenpeter &amp; Herr Sebastian (HR), Regie: Horst Wickinghoff<strong><br \/>2008-2009 Stammheim. Leben. Traum.,<\/strong> Freie B\u00fchne D\u00fcsseldorf, Rolle: Clarin &amp; Jan-Carl Raspe (HR), Regie: Lars Kr\u00fcckeberg<strong><br \/>2008 Die Zaubernacht, <\/strong>Theater Kefka, Rolle: Pantomime (NR),<strong>\u00a0<\/strong>Regie: Milan Sl\u00e1dek<strong><br \/>2008 Impro-Schauspiel und Live-Comedy f\u00fcr Comedy Central <\/strong>in K\u00f6ln, Frankfurt, Hamburg, Berlin &amp; M\u00fcnchen<strong><br \/>2007 <\/strong>W. Bauer:<strong> Gespenster, <\/strong>N\u00f6-Theater, Rolle: Fred (HR), Regie: Anniki Nugis<strong><br \/>2005 <\/strong>R.-I. Delfenson:<strong> Buck Star<\/strong>, Angry Sun Productions, Rolle: Herr Popauf (HR), Regie: Florian Sonnefeld<strong><br \/>2002 Stra\u00dfentheater-Tournee <\/strong>in S\u00fcdfrankreich<strong><br \/>1999-2000 Stra\u00dfentheater-Tournee <\/strong>um den Bodensee<\/p>\n<p><strong><u>Sprechert\u00e4tigkeiten<br \/><\/u><\/strong><strong>2020 Neues vom R\u00e4uber Hotzenplotz<\/strong> nach Otfried Preu\u00dfler (szenische Lesung)<br \/><strong>2019 Herr Bello und das blaue Wunder<\/strong> nach Paul Maar (szenische Lesung)<br \/><strong>2016 Die Weihnachtsgeschichte<\/strong> nach Charles Dickens (Lesung)<br \/><strong>2015 H3l3na<\/strong> (szenische Lesung)<br \/><strong>2015 Losing Touch<\/strong> (Dokumentation\/FirstGrade Studios\/Voice Over deutsch &amp; englisch)<br \/><strong>2013-2014 Renault<\/strong> (mehrere Radiospots\/Apollon Pictures)<br \/><strong>2011 Extinction \u2013 The G.M.O. Chronicles<\/strong> (Spielfilm\/Cinema Ergo Sum\/Synchronisation deutsch &amp; englisch)<br \/><strong>2010 Der Berg<\/strong> (Animationsfilm\/HS Offenburg\/Synchronisation)<br \/><strong>2009 Pick Up Your Talent<\/strong> (Casting-Reportage\/Artview Film &amp; VFX\/Off-Texte)<br \/><strong>2009 The Time Tunnel<\/strong> (TV-Serie\/Synchronisation)<\/p>\n<p><strong><u>Printkampagnen<br \/><\/u>2022 Stadtwerke Hilden<\/strong> (Brosch\u00fcren)<strong><br \/>2020 Wertgarantie<\/strong> (Plakatwerbung)<strong><br \/>2020 John Deere<\/strong> (Webseite)<strong><br \/>2020 West<\/strong> (Plakatwerbung)<strong><br \/>2020 VRS<\/strong> (Brosch\u00fcren)<strong><br \/>2019 Metro<\/strong> (Webseite)<strong><br \/>2017<\/strong>\u00a0<strong>Lidl<\/strong> (Prospekt)<br \/><strong>2017 VW<\/strong> (Plakatwerbung)<br \/><strong>2015-2016 OBI<\/strong> (Plakatwerbung)<br \/><strong>2015 L\u00b4Tur<\/strong> (Plakatwerbung)<br \/><strong>2014 Renault<\/strong> (Plakatwerbung \u00d6sterreich &amp; Schweiz)<br \/><strong>2013-2015 Bahncard 25<\/strong> (Brosch\u00fcren &amp; Plakatwerbung)<br \/><strong>2012 Gr\u00fcndergipfel NRW<\/strong> (Plakatwerbung)<br \/><strong>2011 Kuratorium gutes Sehen<\/strong> (Plakatwerbung)<br \/><strong>2008 Bravo Sport Foto Love Story<\/strong> (Zeitschrift)<br \/><strong>2007 Sparkassen-FC-Card<\/strong> (Plakatwerbung &amp; Pappaufsteller)<\/p>\n<p><strong><u>Moderation<br \/><\/u>2018-2022 Rhine Clean Up K\u00f6ln<\/strong><br \/><strong>2012-2013 Volle Ladung<\/strong> &#8211; die elektrisierende Hochspannungsshow im Odysseum K\u00f6ln; \u00fcber 150 Shows<br \/><strong>2011-2012 EinsLive Schulduell<\/strong><br \/><strong>2004-2005 Sitzungspr\u00e4sident des Carneval Club B\u00f6ckels e.V.<\/strong><\/p>\n<p><strong><u>T\u00e4tigkeiten als Filmproduzent<\/u><\/strong><br \/><strong>2014 Losing Touch<\/strong> \u2013 Dokumentation \u00fcber Leprakranke in Nepal<\/p>\n\n\n<p><\/p>\n","protected":false},"excerpt":{"rendered":"<p>&gt;&gt;&gt; Download Vita Geburtsjahr und -ort: 1982, FuldaNationalit\u00e4t: deutschWohnort: K\u00f6lnWohnm\u00f6glichkeiten: Berlin, Frankfurt a.M., Hamburg, M\u00fcnchen, Parisethn. Erscheinung: mitteleurop\u00e4ischHaarfarbe: dunkelbraunHaarl\u00e4nge: kurzAugenfarbe: blauStatur: schlankGr\u00f6\u00dfe: 180 cmGewicht: 82 kgKonfektion: 52Fremdsprachen: Englisch (flie\u00dfend), Franz\u00f6sisch (gut)Dialekte\/Akzente: Hessisch, Bairisch, S\u00e4chsischStimmlage: BaritonSport: Fu\u00dfball, Tauchen, Rudern, Volleyball, Inlineskating, [&hellip;]<\/p>\n","protected":false},"author":3,"featured_media":0,"parent":0,"menu_order":2,"comment_status":"closed","ping_status":"closed","template":"","meta":{"footnotes":""},"class_list":["post-13","page","type-page","status-publish","hentry"],"_links":{"self":[{"href":"http:\/\/www.christian-stock.de\/index.php?rest_route=\/wp\/v2\/pages\/13","targetHints":{"allow":["GET"]}}],"collection":[{"href":"http:\/\/www.christian-stock.de\/index.php?rest_route=\/wp\/v2\/pages"}],"about":[{"href":"http:\/\/www.christian-stock.de\/index.php?rest_route=\/wp\/v2\/types\/page"}],"author":[{"embeddable":true,"href":"http:\/\/www.christian-stock.de\/index.php?rest_route=\/wp\/v2\/users\/3"}],"replies":[{"embeddable":true,"href":"http:\/\/www.christian-stock.de\/index.php?rest_route=%2Fwp%2Fv2%2Fcomments&post=13"}],"version-history":[{"count":44,"href":"http:\/\/www.christian-stock.de\/index.php?rest_route=\/wp\/v2\/pages\/13\/revisions"}],"predecessor-version":[{"id":662,"href":"http:\/\/www.christian-stock.de\/index.php?rest_route=\/wp\/v2\/pages\/13\/revisions\/662"}],"wp:attachment":[{"href":"http:\/\/www.christian-stock.de\/index.php?rest_route=%2Fwp%2Fv2%2Fmedia&parent=13"}],"curies":[{"name":"wp","href":"https:\/\/api.w.org\/{rel}","templated":true}]}}