{"id":171,"date":"2017-03-12T23:55:14","date_gmt":"2017-03-12T22:55:14","guid":{"rendered":"http:\/\/www.christian-stock.de\/?page_id=171"},"modified":"2025-01-20T12:27:41","modified_gmt":"2025-01-20T11:27:41","slug":"termine","status":"publish","type":"page","link":"http:\/\/www.christian-stock.de\/?page_id=171","title":{"rendered":"Termine"},"content":{"rendered":"<p><strong>2025<\/strong><\/p>\n<p><strong>Januar<\/strong><\/p>\n<p>24.01.: Vortrag auf der <strong>&#8222;boot&#8220;<\/strong> (12.00 Uhr, Messe D\u00fcsseldorf)<\/p>\n<p><strong>Februar<\/strong><\/p>\n<p>06.02.: Theater <strong>&#8222;Die Niere&#8220;<\/strong> in Wermelskirchen<br \/>18.02.: Kindertheater <strong>&#8222;Neues vom R\u00e4uber Hotzenplotz&#8220;<\/strong> (15.00 Uhr, Bad Berleburg)<\/p>\n<p><strong>Juni<\/strong><\/p>\n<p>22.06.: <strong>Spogomi-WM<\/strong>-Qualifikation in D\u00fcsseldorf<\/p>\n<p><strong>September<\/strong><\/p>\n<p>13.09.: <strong>Rhine Cleanup<\/strong> in K\u00f6ln<br \/>17.09.: Theater <strong>&#8222;Die Niere&#8220;<\/strong> in Geldern<br \/>24.09.: Theater <strong>&#8222;Die Niere&#8220;<\/strong> in Kleve<\/p>\n<p><strong>November<\/strong><\/p>\n<p>15.11.: Kindertheater <strong>&#8222;Die kleine Hexe&#8220;\u00a0<\/strong>in Geldern (15.00 Uhr)<\/p>\n<p><strong>Dezember<\/strong><\/p>\n<p>04.12.: Kindertheater <strong>&#8222;Weihnachten auf der Erde&#8220;\u00a0<\/strong>in Kaarst (15.00 Uhr)<br \/>05.12.: Kindertheater <strong>&#8222;Weihnachten auf der Erde&#8220;\u00a0<\/strong>in Weeze<\/p>\n\n\n<p><\/p>\n\n\n\n<p><\/p>\n","protected":false},"excerpt":{"rendered":"<p>2025 Januar 24.01.: Vortrag auf der &#8222;boot&#8220; (12.00 Uhr, Messe D\u00fcsseldorf) Februar 06.02.: Theater &#8222;Die Niere&#8220; in Wermelskirchen18.02.: Kindertheater &#8222;Neues vom R\u00e4uber Hotzenplotz&#8220; (15.00 Uhr, Bad Berleburg) Juni 22.06.: Spogomi-WM-Qualifikation in D\u00fcsseldorf September 13.09.: Rhine Cleanup in K\u00f6ln17.09.: Theater &#8222;Die [&hellip;]<\/p>\n","protected":false},"author":3,"featured_media":0,"parent":0,"menu_order":2,"comment_status":"closed","ping_status":"closed","template":"","meta":{"footnotes":""},"class_list":["post-171","page","type-page","status-publish","hentry"],"_links":{"self":[{"href":"http:\/\/www.christian-stock.de\/index.php?rest_route=\/wp\/v2\/pages\/171","targetHints":{"allow":["GET"]}}],"collection":[{"href":"http:\/\/www.christian-stock.de\/index.php?rest_route=\/wp\/v2\/pages"}],"about":[{"href":"http:\/\/www.christian-stock.de\/index.php?rest_route=\/wp\/v2\/types\/page"}],"author":[{"embeddable":true,"href":"http:\/\/www.christian-stock.de\/index.php?rest_route=\/wp\/v2\/users\/3"}],"replies":[{"embeddable":true,"href":"http:\/\/www.christian-stock.de\/index.php?rest_route=%2Fwp%2Fv2%2Fcomments&post=171"}],"version-history":[{"count":119,"href":"http:\/\/www.christian-stock.de\/index.php?rest_route=\/wp\/v2\/pages\/171\/revisions"}],"predecessor-version":[{"id":669,"href":"http:\/\/www.christian-stock.de\/index.php?rest_route=\/wp\/v2\/pages\/171\/revisions\/669"}],"wp:attachment":[{"href":"http:\/\/www.christian-stock.de\/index.php?rest_route=%2Fwp%2Fv2%2Fmedia&parent=171"}],"curies":[{"name":"wp","href":"https:\/\/api.w.org\/{rel}","templated":true}]}}