{"id":297,"date":"2017-07-07T23:39:28","date_gmt":"2017-07-07T21:39:28","guid":{"rendered":"http:\/\/www.christian-stock.de\/?page_id=297"},"modified":"2023-05-25T05:42:29","modified_gmt":"2023-05-25T03:42:29","slug":"aktuell","status":"publish","type":"page","link":"http:\/\/www.christian-stock.de\/?page_id=297","title":{"rendered":"Aktuelles"},"content":{"rendered":"<ul>\n<li>Der Film <strong>&#8222;Erinnerungen einer vergessenen Kindheit&#8220;<\/strong>, in dem ich einen spiels\u00fcchtigen Vater spiele, hat beim San Diego International Kids\u00b4 Film Festival den Preis &#8222;Best Drama Short Film&#8220; gewonnen.<\/li>\n<li>Meine selbstproduzierte Dokumentation &#8222;<strong>Losing Touch<\/strong>&#8220; \u00fcber Leprakranke in Nepal ist ab sofort auf DVD, BluRay sowie per Link k\u00e4uflich zu erwerben.<\/li>\n<li>Die von mir gegr\u00fcndete M\u00fcllsammelgruppe <strong>K.R.A.K.E. (K\u00f6lner Rhein-Aufr\u00e4um-Kommando-Einheit)<\/strong> wird immer gr\u00f6\u00dfer. Seit Mitte 2020 bin ich 1. Vorsitzender dieses gemeinn\u00fctzigen Vereins, der mittlerweile die gr\u00f6\u00dfte Cleanup-Gruppe Deutschlands ist.<br \/>\nwww.krake.koeln<br \/>\nIm September 2022 wurde uns der Umweltschutzpreis der Stadt K\u00f6ln verliehen.<\/li>\n<li>Neuestes Rollenprofil: <strong>Papa<\/strong> seit M\u00e4rz 2022!<\/li>\n<\/ul>\n<p><!--more--><\/p>\n","protected":false},"excerpt":{"rendered":"<p>Der Film &#8222;Erinnerungen einer vergessenen Kindheit&#8220;, in dem ich einen spiels\u00fcchtigen Vater spiele, hat beim San Diego International Kids\u00b4 Film Festival den Preis &#8222;Best Drama Short Film&#8220; gewonnen. Meine selbstproduzierte Dokumentation &#8222;Losing Touch&#8220; \u00fcber Leprakranke in Nepal ist ab sofort [&hellip;]<\/p>\n","protected":false},"author":4,"featured_media":0,"parent":0,"menu_order":0,"comment_status":"closed","ping_status":"closed","template":"","meta":{"footnotes":""},"class_list":["post-297","page","type-page","status-publish","hentry"],"_links":{"self":[{"href":"http:\/\/www.christian-stock.de\/index.php?rest_route=\/wp\/v2\/pages\/297","targetHints":{"allow":["GET"]}}],"collection":[{"href":"http:\/\/www.christian-stock.de\/index.php?rest_route=\/wp\/v2\/pages"}],"about":[{"href":"http:\/\/www.christian-stock.de\/index.php?rest_route=\/wp\/v2\/types\/page"}],"author":[{"embeddable":true,"href":"http:\/\/www.christian-stock.de\/index.php?rest_route=\/wp\/v2\/users\/4"}],"replies":[{"embeddable":true,"href":"http:\/\/www.christian-stock.de\/index.php?rest_route=%2Fwp%2Fv2%2Fcomments&post=297"}],"version-history":[{"count":40,"href":"http:\/\/www.christian-stock.de\/index.php?rest_route=\/wp\/v2\/pages\/297\/revisions"}],"predecessor-version":[{"id":645,"href":"http:\/\/www.christian-stock.de\/index.php?rest_route=\/wp\/v2\/pages\/297\/revisions\/645"}],"wp:attachment":[{"href":"http:\/\/www.christian-stock.de\/index.php?rest_route=%2Fwp%2Fv2%2Fmedia&parent=297"}],"curies":[{"name":"wp","href":"https:\/\/api.w.org\/{rel}","templated":true}]}}